{"id":15853,"date":"2023-12-28T19:13:21","date_gmt":"2023-12-29T01:13:21","guid":{"rendered":"https:\/\/zimat.com\/?page_id=15853"},"modified":"2023-12-29T12:57:32","modified_gmt":"2023-12-29T18:57:32","slug":"aviso-de-privacidad-candidatos","status":"publish","type":"page","link":"https:\/\/zimat.com\/en\/aviso-de-privacidad-candidatos\/","title":{"rendered":"Aviso de Privacidad Candidatos"},"content":{"rendered":"\t\t<div data-elementor-type=\"wp-page\" data-elementor-id=\"15853\" class=\"elementor elementor-15853\" data-elementor-post-type=\"page\">\n\t\t\t\t\t\t<section class=\"elementor-section elementor-top-section elementor-element elementor-element-785713a elementor-section-boxed elementor-section-height-default elementor-section-height-default\" data-id=\"785713a\" data-element_type=\"section\" data-e-type=\"section\" data-settings=\"{&quot;background_background&quot;:&quot;classic&quot;}\">\n\t\t\t\t\t\t\t<div class=\"elementor-background-overlay\"><\/div>\n\t\t\t\t\t\t\t<div class=\"elementor-container elementor-column-gap-default\">\n\t\t\t\t\t<div class=\"elementor-column elementor-col-100 elementor-top-column elementor-element elementor-element-eea7f4e\" data-id=\"eea7f4e\" data-element_type=\"column\" data-e-type=\"column\">\n\t\t\t<div class=\"elementor-widget-wrap elementor-element-populated\">\n\t\t\t\t\t\t<section class=\"elementor-section elementor-inner-section elementor-element elementor-element-d2a91e7 elementor-section-boxed elementor-section-height-default elementor-section-height-default\" data-id=\"d2a91e7\" data-element_type=\"section\" data-e-type=\"section\">\n\t\t\t\t\t\t<div class=\"elementor-container elementor-column-gap-default\">\n\t\t\t\t\t<div class=\"elementor-column elementor-col-100 elementor-inner-column elementor-element elementor-element-44210d2\" data-id=\"44210d2\" data-element_type=\"column\" data-e-type=\"column\">\n\t\t\t<div class=\"elementor-widget-wrap elementor-element-populated\">\n\t\t\t\t\t\t<div class=\"elementor-element elementor-element-44d7796 elementor-widget elementor-widget-heading\" data-id=\"44d7796\" data-element_type=\"widget\" data-e-type=\"widget\" data-widget_type=\"heading.default\">\n\t\t\t\t<div class=\"elementor-widget-container\">\n\t\t\t\t\t<h1 class=\"elementor-heading-title elementor-size-default\">Aviso de privacidad<\/h1>\t\t\t\t<\/div>\n\t\t\t\t<\/div>\n\t\t\t\t\t<\/div>\n\t\t<\/div>\n\t\t\t\t\t<\/div>\n\t\t<\/section>\n\t\t\t\t\t<\/div>\n\t\t<\/div>\n\t\t\t\t\t<\/div>\n\t\t<\/section>\n\t\t\t\t<section class=\"elementor-section elementor-top-section elementor-element elementor-element-ed420ff elementor-section-boxed elementor-section-height-default elementor-section-height-default\" data-id=\"ed420ff\" data-element_type=\"section\" data-e-type=\"section\">\n\t\t\t\t\t\t<div class=\"elementor-container elementor-column-gap-default\">\n\t\t\t\t\t<div class=\"elementor-column elementor-col-16 elementor-top-column elementor-element elementor-element-24c0dde\" data-id=\"24c0dde\" data-element_type=\"column\" data-e-type=\"column\">\n\t\t\t<div class=\"elementor-widget-wrap\">\n\t\t\t\t\t\t\t<\/div>\n\t\t<\/div>\n\t\t\t\t<div class=\"elementor-column elementor-col-66 elementor-top-column elementor-element elementor-element-d8b564b\" data-id=\"d8b564b\" data-element_type=\"column\" data-e-type=\"column\">\n\t\t\t<div class=\"elementor-widget-wrap elementor-element-populated\">\n\t\t\t\t\t\t<div class=\"elementor-element elementor-element-be4b22e elementor-widget elementor-widget-text-editor\" data-id=\"be4b22e\" data-element_type=\"widget\" data-e-type=\"widget\" data-widget_type=\"text-editor.default\">\n\t\t\t\t<div class=\"elementor-widget-container\">\n\t\t\t\t\t\t\t\t\t<p class=\"p1\">En cumplimiento a la Ley Federal de Protecci\u00f3n de Datos Personales en Posesi\u00f3n de Particulares, el presente Aviso de Privacidad prev\u00e9 las pol\u00edticas, procedimientos y lineamientos implementados por <b>Zimat Consultores Comunicaci\u00f3n Total, S.A. de C.V.<\/b> y para cualquier otra de sus subsidiarias, sociedades controladoras, matrices o cualquier sociedad del mismo grupo presentes o futuras relacionadas con la obtenci\u00f3n, uso y divulgaci\u00f3n de sus datos personales.<\/p><p class=\"p1\">\u2022 <b>RESPONSABLE DE LOS DATOS PERSONALES<\/b><\/p><p class=\"p1\">Para efectos del presente Aviso de Privacidad <b>Zimat Consultores Comunicaci\u00f3n Total, S.A. de C.V.<\/b>, (en adelante referida como la \u201cResponsable\u201d) con domicilio ubicado en Avenida Paseo de la Reforma 155, Piso 4, PH1 y PH2. Lomas -Virreyes, Lomas de Chapultepec, Ciudad de M\u00e9xico, es la responsable del tratamiento de los datos personales que recabe de los candidatos que se postulen por medio de su p\u00e1gina web (en adelante \u201cCandidatos\u201d y\/o \u201cTitulares\u201d).<\/p><p class=\"p1\">\u2022<b> DATOS PERSONALES RECABADOS<\/b><\/p><p class=\"p1\">Nombre completo, edad, imagen (fotograf\u00eda), correo electr\u00f3nico, n\u00famero telef\u00f3nico, domicilio, nivel de estudios, experiencia laboral, aptitudes t\u00e9cnicas, referencias laborales, fecha de nacimiento, perfiles de redes sociales.<\/p><p class=\"p1\"><b>\u2022 DATOS PERSONALES SENSIBLES<\/b><\/p><p class=\"p1\">La Responsable no solicita ninguna informaci\u00f3n de los Candidatos que, bajo la Ley se entiende como datos sensibles, tales como: religi\u00f3n, preferencias sexuales, opiniones pol\u00edticas, estado de salud, entre otros.<\/p><p class=\"p1\">\u2022<b> MEDIOS A TRAV\u00c9S DE LOS CUALES LA RESPONSABLE RECABA SUS DATOS PERSONALES<\/b><\/p><p class=\"p1\">Los datos personales de los Titulares son recabados a trav\u00e9s de lo siguientes medios:<\/p><p class=\"p1\">a) P\u00e1gina web oficial de la Responsable.<\/p><p class=\"p1\"><b>\u2022 FINALIDAD DEL TRATAMIENTO DE LOS DATOS PERSONALES<\/b><\/p><p class=\"p1\">Los datos recabados de los Titulares tendr\u00e1n los siguientes usos:<\/p><p class=\"p1\">(i)Contrataci\u00f3n; (ii) llevar a cabo entrevistas de trabajo durante el proceso de selecci\u00f3n; (iii) conocer la experiencia laboral y aptitudes de los Candidatos para determinar si es viable su contrataci\u00f3n; (iv) realizar evaluaciones de los Candidatos, y; (v) seguimiento al proceso de selecci\u00f3n de los Candidatos.<\/p><ul class=\"ul1\"><li class=\"li1\"><b>EXCEPCIONES<\/b><\/li><\/ul><p class=\"p1\">Cabe se\u00f1alar que de conformidad con la Ley existen supuestos en los cuales su consentimiento no es necesario para el tratamiento de sus datos personales, y por ello la ausencia de este o su negativa en su caso, no impedir\u00e1 que la Responsable trate sus datos personales en t\u00e9rminos de la Ley y dem\u00e1s regulaciones que resulten aplicables.<\/p><p class=\"p1\"><b>\u2022 OPCIONES Y MEDIOS QUE EL RESPONSABLE OFRECE A LOS TITULARES PARA LIMITAR EL USO O DIVULGACI\u00d3N DE LOS DATOS PERSONALES<\/b><\/p><p class=\"p1\">Los datos personales de los Titulares, ser\u00e1n tratados bajo la m\u00e1s estricta confidencialidad, cuidando las medidas de seguridad administrativas, f\u00edsicas y t\u00e9cnicas que la Responsable implemente en sus pol\u00edticas y procedimientos de seguridad internos evitando la posible divulgaci\u00f3n il\u00edcita de datos y limitando su uso a lo establecido en el presente Aviso de Privacidad.<\/p><p class=\"p1\">\u2022<b> TRANSFERENCIA A TERCEROS<\/b><\/p><p class=\"p1\">De conformidad con los art\u00edculos 36 y 37 de la Ley Federal de Protecci\u00f3n de Datos Personales en Posesi\u00f3n de los Particulares, la Responsable podr\u00e1 transferir sus datos personales a sociedades controladoras, subsidiarias o afiliadas bajo el control com\u00fan de la Responsable, o a una sociedad matriz o cualquier sociedad del mismo grupo que opere bajo los mismos proceso y pol\u00edticas internas que la Responsable.<\/p><p class=\"p1\"><b>\u2022 MEDIOS PARA EJERCER LOS DERECHOS DEL TITULAR<\/b><\/p><p class=\"p1\">En cualquier momento usted o su representante legal debidamente acreditado, podr\u00e1n ejercer los derechos de Acceso, Rectificaci\u00f3n cuando consideren que son err\u00f3neos o inexactos, Cancelaci\u00f3n en caso de que considere que los datos no son tratados de forma adecuada, Oposici\u00f3n en caso de que no quiera que sus datos sean tratados para finalidades espec\u00edficas y\/o Revocaci\u00f3n cuando ya no sea su deseo como titular que la Responsable continue usando sus datos personales. El ejercicio de uno de ellos no impide el ejercicio del otro y ninguno es presupuesto para el ejercicio de otro.<\/p><p class=\"p1\">Para ejercer sus derechos mencionados con anterioridad, deber\u00e1 enviar su solicitud a nuestro departamento de datos personales al correo electr\u00f3nico <span class=\"s2\">[se\u00f1alar correo electr\u00f3nico de atenci\u00f3n]<\/span>, y\/o directamente a nuestro domicilio ubicado en Avenida Paseo de la Reforma 155, Piso 4, PH1 y PH2. Lomas -Virreyes, Lomas de Chapultepec, Ciudad de M\u00e9xico.<\/p><p class=\"p1\">La solicitud del ejercicio de los derechos de los Titulares deber\u00e1 contener los siguientes datos: (i) Nombre del titular, (ii) domicilio<span class=\"Apple-converted-space\">\u00a0 <\/span>y direcci\u00f3n de correo electr\u00f3nico para notificarle<span class=\"Apple-converted-space\">\u00a0 <\/span>la<span class=\"Apple-converted-space\">\u00a0 <\/span>respuesta<span class=\"Apple-converted-space\">\u00a0 <\/span>a<span class=\"Apple-converted-space\">\u00a0 <\/span>su<span class=\"Apple-converted-space\">\u00a0 <\/span>solicitud,<span class=\"Apple-converted-space\">\u00a0 <\/span>(iii)<span class=\"Apple-converted-space\">\u00a0 <\/span>una descripci\u00f3n clara y precisa de los datos respecto de los cuales se busca ejercer el derecho correspondiente, (iv) el objeto de la solicitud, (v) cualquier elemento que facilite la localizaci\u00f3n de los datos, y se deber\u00e1 anexar copia de su identificaci\u00f3n, y en su caso el documento mediante el cual se acredite la representaci\u00f3n legal.<\/p><p class=\"p1\">El plazo de respuesta de su solicitud ser\u00e1 de veinte d\u00edas h\u00e1biles contados a partir del d\u00eda en que se recibi\u00f3 la solicitud de acceso, rectificaci\u00f3n, cancelaci\u00f3n y oposici\u00f3n correspondiente. La respuesta le ser\u00e1 comunicada dentro del plazo antes mencionado a la direcci\u00f3n de correo electr\u00f3nico que proporcion\u00f3 en su solicitud o enviando carta al domicilio proporcionado en la misma.<span class=\"Apple-converted-space\">\u00a0 <\/span>Una vez comunicada la respuesta la Responsable tendr\u00e1 un plazo de quince d\u00edas h\u00e1biles para hacerla efectiva en caso de ser procedente.<\/p><p class=\"p1\">En cualquier momento podr\u00e1 revocar el consentimiento que nos ha otorgado para el tratamiento de sus datos personales, de tal forma que dejemos hacer uso de los mismos. Para ello deber\u00e1 presentar una solicitud en los t\u00e9rminos mencionados para el ejercicio de los derechos ARCO. El procedimiento a seguir ser\u00e1 el mismo que el previsto para el ejercicio de los derechos ARCO. En caso de ser procedente su solicitud sus datos dejar\u00e1n de ser tratados por la Responsable.<\/p><p class=\"p1\">\u2022<b> CAMBIOS AL AVISO DE PRIVACIDAD<\/b><\/p><p class=\"p1\">Cualquier cambio al presente Aviso de Privacidad, le ser\u00e1 informado a trav\u00e9s de los siguientes medios:<\/p><p class=\"p1\">1. Mediante correo electr\u00f3nico que personalmente le enviemos.<\/p><p class=\"p1\">2. P\u00e1gina de internet oficial de la Responsable<\/p><p class=\"p1\">De igual manera, se le informa a los Titulares, que el Aviso de Privacidad podr\u00e1 ser modificado en cualquier momento con la finalidad de atender novedades legislativas, as\u00ed como modificaci\u00f3n de pol\u00edticas internas de la Responsable.<\/p><p class=\"p1\">Si se llegaren a modificar las finalidades para las cuales se tratan sus datos personales, en caso de ser necesario se solicitar\u00e1 de nuevo su consentimiento ya sea expreso o t\u00e1cito atendiendo al caso particular.<\/p><p class=\"p1\">\u2022<b> CONSENTIMIENTO DEL TITULAR<\/b><\/p><p class=\"p1\">Si el Titular no manifiesta su oposici\u00f3n al tratamiento de sus datos personales conforme a los establecido en el presente Aviso de Privacidad, se entender\u00e1 que ha le\u00eddo, entendido y acordado los t\u00e9rminos expuestos en el mismo y en consecuencia que ha otorgado de forma t\u00e1cita su consentimiento para los presentes efectos. En caso de que usted no est\u00e9 de acuerdo de manera parcial o total con el contenido del presente Aviso de Privacidad, solicitamos notifique su inconformidad y desacuerdo al correo electr\u00f3nico <strong>contacto@zimat.com.mx<\/strong><b>\u00a0<\/b>con atenci\u00f3n al departamento de protecci\u00f3n de datos personales.<\/p>\t\t\t\t\t\t\t\t<\/div>\n\t\t\t\t<\/div>\n\t\t\t\t\t<\/div>\n\t\t<\/div>\n\t\t\t\t<div class=\"elementor-column elementor-col-16 elementor-top-column elementor-element elementor-element-3964cc7\" data-id=\"3964cc7\" data-element_type=\"column\" data-e-type=\"column\">\n\t\t\t<div class=\"elementor-widget-wrap\">\n\t\t\t\t\t\t\t<\/div>\n\t\t<\/div>\n\t\t\t\t\t<\/div>\n\t\t<\/section>\n\t\t\t\t<section class=\"elementor-section elementor-top-section elementor-element elementor-element-2499cb53 elementor-section-boxed elementor-section-height-default elementor-section-height-default\" data-id=\"2499cb53\" data-element_type=\"section\" data-e-type=\"section\" data-settings=\"{&quot;background_background&quot;:&quot;classic&quot;}\">\n\t\t\t\t\t\t<div class=\"elementor-container elementor-column-gap-default\">\n\t\t\t\t\t<div class=\"elementor-column elementor-col-100 elementor-top-column elementor-element elementor-element-12a9a183\" data-id=\"12a9a183\" data-element_type=\"column\" data-e-type=\"column\">\n\t\t\t<div class=\"elementor-widget-wrap elementor-element-populated\">\n\t\t\t\t\t\t<section class=\"elementor-section elementor-inner-section elementor-element elementor-element-6a5394fa elementor-section-boxed elementor-section-height-default elementor-section-height-default\" data-id=\"6a5394fa\" data-element_type=\"section\" data-e-type=\"section\">\n\t\t\t\t\t\t<div class=\"elementor-container elementor-column-gap-default\">\n\t\t\t\t\t<div class=\"elementor-column elementor-col-50 elementor-inner-column elementor-element elementor-element-2ac463a6\" data-id=\"2ac463a6\" data-element_type=\"column\" data-e-type=\"column\">\n\t\t\t<div class=\"elementor-widget-wrap elementor-element-populated\">\n\t\t\t\t\t\t<div class=\"elementor-element elementor-element-2e305be elementor-widget elementor-widget-heading\" data-id=\"2e305be\" data-element_type=\"widget\" data-e-type=\"widget\" data-widget_type=\"heading.default\">\n\t\t\t\t<div class=\"elementor-widget-container\">\n\t\t\t\t\t<h4 class=\"elementor-heading-title elementor-size-default\">Soluciones innovadoras y efectivas en comunicaci\u00f3n<\/h4>\t\t\t\t<\/div>\n\t\t\t\t<\/div>\n\t\t\t\t\t<\/div>\n\t\t<\/div>\n\t\t\t\t<div class=\"elementor-column elementor-col-50 elementor-inner-column elementor-element elementor-element-eabde57\" data-id=\"eabde57\" data-element_type=\"column\" data-e-type=\"column\">\n\t\t\t<div class=\"elementor-widget-wrap\">\n\t\t\t\t\t\t\t<\/div>\n\t\t<\/div>\n\t\t\t\t\t<\/div>\n\t\t<\/section>\n\t\t\t\t\t<\/div>\n\t\t<\/div>\n\t\t\t\t\t<\/div>\n\t\t<\/section>\n\t\t\t\t<section class=\"elementor-section elementor-top-section elementor-element elementor-element-79b75f5e elementor-section-full_width elementor-hidden-desktop elementor-hidden-tablet elementor-hidden-mobile elementor-section-height-default elementor-section-height-default\" data-id=\"79b75f5e\" data-element_type=\"section\" data-e-type=\"section\" data-settings=\"{&quot;background_background&quot;:&quot;classic&quot;}\">\n\t\t\t\t\t\t<div class=\"elementor-container elementor-column-gap-default\">\n\t\t\t\t\t<div class=\"elementor-column elementor-col-100 elementor-top-column elementor-element elementor-element-50fe2b22\" data-id=\"50fe2b22\" data-element_type=\"column\" data-e-type=\"column\">\n\t\t\t<div class=\"elementor-widget-wrap elementor-element-populated\">\n\t\t\t\t\t\t<section class=\"elementor-section elementor-inner-section elementor-element elementor-element-455ee79b elementor-section-full_width elementor-section-height-default elementor-section-height-default\" data-id=\"455ee79b\" data-element_type=\"section\" data-e-type=\"section\">\n\t\t\t\t\t\t<div class=\"elementor-container elementor-column-gap-default\">\n\t\t\t\t\t<div class=\"elementor-column elementor-col-100 elementor-inner-column elementor-element elementor-element-dff45e5\" data-id=\"dff45e5\" data-element_type=\"column\" data-e-type=\"column\">\n\t\t\t<div class=\"elementor-widget-wrap\">\n\t\t\t\t\t\t\t<\/div>\n\t\t<\/div>\n\t\t\t\t\t<\/div>\n\t\t<\/section>\n\t\t\t\t\t<\/div>\n\t\t<\/div>\n\t\t\t\t\t<\/div>\n\t\t<\/section>\n\t\t\t\t<\/div>\n\t\t","protected":false},"excerpt":{"rendered":"<p>Aviso de privacidad En cumplimiento a la Ley Federal de Protecci\u00f3n de Datos Personales en Posesi\u00f3n de Particulares, el presente Aviso de Privacidad prev\u00e9 las pol\u00edticas, procedimientos y lineamientos implementados por Zimat Consultores Comunicaci\u00f3n Total, S.A. de C.V. y para cualquier otra de sus subsidiarias, sociedades controladoras, matrices o cualquier sociedad del mismo grupo presentes [&hellip;]<\/p>\n","protected":false},"author":2,"featured_media":0,"parent":0,"menu_order":0,"comment_status":"closed","ping_status":"closed","template":"elementor_header_footer","meta":{"_acf_changed":false,"footnotes":""},"class_list":["post-15853","page","type-page","status-publish","hentry"],"acf":[],"yoast_head":"<!-- This site is optimized with the Yoast SEO plugin v27.2 - https:\/\/yoast.com\/product\/yoast-seo-wordpress\/ -->\n<title>Aviso de Privacidad Candidatos - Zimat<\/title>\n<meta name=\"robots\" content=\"index, follow, max-snippet:-1, max-image-preview:large, max-video-preview:-1\" \/>\n<link rel=\"canonical\" href=\"https:\/\/zimat.com\/en\/aviso-de-privacidad-candidatos\/\" \/>\n<meta property=\"og:locale\" content=\"en_US\" \/>\n<meta property=\"og:type\" content=\"article\" \/>\n<meta property=\"og:title\" content=\"Aviso de Privacidad Candidatos - Zimat\" \/>\n<meta property=\"og:description\" content=\"Aviso de privacidad En cumplimiento a la Ley Federal de Protecci\u00f3n de Datos Personales en Posesi\u00f3n de Particulares, el presente Aviso de Privacidad prev\u00e9 las pol\u00edticas, procedimientos y lineamientos implementados por Zimat Consultores Comunicaci\u00f3n Total, S.A. de C.V. y para cualquier otra de sus subsidiarias, sociedades controladoras, matrices o cualquier sociedad del mismo grupo presentes [&hellip;]\" \/>\n<meta property=\"og:url\" content=\"https:\/\/zimat.com\/en\/aviso-de-privacidad-candidatos\/\" \/>\n<meta property=\"og:site_name\" content=\"Zimat\" \/>\n<meta property=\"article:publisher\" content=\"https:\/\/www.facebook.com\/ZIMATConsultores\" \/>\n<meta property=\"article:modified_time\" content=\"2023-12-29T18:57:32+00:00\" \/>\n<meta name=\"twitter:card\" content=\"summary_large_image\" \/>\n<meta name=\"twitter:site\" content=\"@ZimatC\" \/>\n<meta name=\"twitter:label1\" content=\"Est. reading time\" \/>\n\t<meta name=\"twitter:data1\" content=\"6 minutes\" \/>\n<script type=\"application\/ld+json\" class=\"yoast-schema-graph\">{\"@context\":\"https:\/\/schema.org\",\"@graph\":[{\"@type\":\"WebPage\",\"@id\":\"https:\/\/zimat.com\/aviso-de-privacidad-candidatos\/\",\"url\":\"https:\/\/zimat.com\/aviso-de-privacidad-candidatos\/\",\"name\":\"Aviso de Privacidad Candidatos - Zimat\",\"isPartOf\":{\"@id\":\"https:\/\/zimat.com\/#website\"},\"datePublished\":\"2023-12-29T01:13:21+00:00\",\"dateModified\":\"2023-12-29T18:57:32+00:00\",\"breadcrumb\":{\"@id\":\"https:\/\/zimat.com\/aviso-de-privacidad-candidatos\/#breadcrumb\"},\"inLanguage\":\"en-US\",\"potentialAction\":[{\"@type\":\"ReadAction\",\"target\":[\"https:\/\/zimat.com\/aviso-de-privacidad-candidatos\/\"]}]},{\"@type\":\"BreadcrumbList\",\"@id\":\"https:\/\/zimat.com\/aviso-de-privacidad-candidatos\/#breadcrumb\",\"itemListElement\":[{\"@type\":\"ListItem\",\"position\":1,\"name\":\"Inicio\",\"item\":\"https:\/\/zimat.com\/\"},{\"@type\":\"ListItem\",\"position\":2,\"name\":\"Aviso de Privacidad Candidatos\"}]},{\"@type\":\"WebSite\",\"@id\":\"https:\/\/zimat.com\/#website\",\"url\":\"https:\/\/zimat.com\/\",\"name\":\"Zimat\",\"description\":\"La firma l\u00edder de consultor\u00eda en comunicaci\u00f3n de M\u00e9xico\",\"publisher\":{\"@id\":\"https:\/\/zimat.com\/#organization\"},\"potentialAction\":[{\"@type\":\"SearchAction\",\"target\":{\"@type\":\"EntryPoint\",\"urlTemplate\":\"https:\/\/zimat.com\/?s={search_term_string}\"},\"query-input\":{\"@type\":\"PropertyValueSpecification\",\"valueRequired\":true,\"valueName\":\"search_term_string\"}}],\"inLanguage\":\"en-US\"},{\"@type\":\"Organization\",\"@id\":\"https:\/\/zimat.com\/#organization\",\"name\":\"Zimat\",\"url\":\"https:\/\/zimat.com\/\",\"logo\":{\"@type\":\"ImageObject\",\"inLanguage\":\"en-US\",\"@id\":\"https:\/\/zimat.com\/#\/schema\/logo\/image\/\",\"url\":\"https:\/\/zimat.com\/wp-content\/uploads\/2022\/03\/Logo-azul.png\",\"contentUrl\":\"https:\/\/zimat.com\/wp-content\/uploads\/2022\/03\/Logo-azul.png\",\"width\":1024,\"height\":243,\"caption\":\"Zimat\"},\"image\":{\"@id\":\"https:\/\/zimat.com\/#\/schema\/logo\/image\/\"},\"sameAs\":[\"https:\/\/www.facebook.com\/ZIMATConsultores\",\"https:\/\/x.com\/ZimatC\"]}]}<\/script>\n<!-- \/ Yoast SEO plugin. -->","yoast_head_json":{"title":"Aviso de Privacidad Candidatos - Zimat","robots":{"index":"index","follow":"follow","max-snippet":"max-snippet:-1","max-image-preview":"max-image-preview:large","max-video-preview":"max-video-preview:-1"},"canonical":"https:\/\/zimat.com\/en\/aviso-de-privacidad-candidatos\/","og_locale":"en_US","og_type":"article","og_title":"Aviso de Privacidad Candidatos - Zimat","og_description":"Aviso de privacidad En cumplimiento a la Ley Federal de Protecci\u00f3n de Datos Personales en Posesi\u00f3n de Particulares, el presente Aviso de Privacidad prev\u00e9 las pol\u00edticas, procedimientos y lineamientos implementados por Zimat Consultores Comunicaci\u00f3n Total, S.A. de C.V. y para cualquier otra de sus subsidiarias, sociedades controladoras, matrices o cualquier sociedad del mismo grupo presentes [&hellip;]","og_url":"https:\/\/zimat.com\/en\/aviso-de-privacidad-candidatos\/","og_site_name":"Zimat","article_publisher":"https:\/\/www.facebook.com\/ZIMATConsultores","article_modified_time":"2023-12-29T18:57:32+00:00","twitter_card":"summary_large_image","twitter_site":"@ZimatC","twitter_misc":{"Est. reading time":"6 minutes"},"schema":{"@context":"https:\/\/schema.org","@graph":[{"@type":"WebPage","@id":"https:\/\/zimat.com\/aviso-de-privacidad-candidatos\/","url":"https:\/\/zimat.com\/aviso-de-privacidad-candidatos\/","name":"Aviso de Privacidad Candidatos - Zimat","isPartOf":{"@id":"https:\/\/zimat.com\/#website"},"datePublished":"2023-12-29T01:13:21+00:00","dateModified":"2023-12-29T18:57:32+00:00","breadcrumb":{"@id":"https:\/\/zimat.com\/aviso-de-privacidad-candidatos\/#breadcrumb"},"inLanguage":"en-US","potentialAction":[{"@type":"ReadAction","target":["https:\/\/zimat.com\/aviso-de-privacidad-candidatos\/"]}]},{"@type":"BreadcrumbList","@id":"https:\/\/zimat.com\/aviso-de-privacidad-candidatos\/#breadcrumb","itemListElement":[{"@type":"ListItem","position":1,"name":"Inicio","item":"https:\/\/zimat.com\/"},{"@type":"ListItem","position":2,"name":"Aviso de Privacidad Candidatos"}]},{"@type":"WebSite","@id":"https:\/\/zimat.com\/#website","url":"https:\/\/zimat.com\/","name":"Zimat","description":"La firma l\u00edder de consultor\u00eda en comunicaci\u00f3n de M\u00e9xico","publisher":{"@id":"https:\/\/zimat.com\/#organization"},"potentialAction":[{"@type":"SearchAction","target":{"@type":"EntryPoint","urlTemplate":"https:\/\/zimat.com\/?s={search_term_string}"},"query-input":{"@type":"PropertyValueSpecification","valueRequired":true,"valueName":"search_term_string"}}],"inLanguage":"en-US"},{"@type":"Organization","@id":"https:\/\/zimat.com\/#organization","name":"Zimat","url":"https:\/\/zimat.com\/","logo":{"@type":"ImageObject","inLanguage":"en-US","@id":"https:\/\/zimat.com\/#\/schema\/logo\/image\/","url":"https:\/\/zimat.com\/wp-content\/uploads\/2022\/03\/Logo-azul.png","contentUrl":"https:\/\/zimat.com\/wp-content\/uploads\/2022\/03\/Logo-azul.png","width":1024,"height":243,"caption":"Zimat"},"image":{"@id":"https:\/\/zimat.com\/#\/schema\/logo\/image\/"},"sameAs":["https:\/\/www.facebook.com\/ZIMATConsultores","https:\/\/x.com\/ZimatC"]}]}},"_links":{"self":[{"href":"https:\/\/zimat.com\/en\/wp-json\/wp\/v2\/pages\/15853","targetHints":{"allow":["GET"]}}],"collection":[{"href":"https:\/\/zimat.com\/en\/wp-json\/wp\/v2\/pages"}],"about":[{"href":"https:\/\/zimat.com\/en\/wp-json\/wp\/v2\/types\/page"}],"author":[{"embeddable":true,"href":"https:\/\/zimat.com\/en\/wp-json\/wp\/v2\/users\/2"}],"replies":[{"embeddable":true,"href":"https:\/\/zimat.com\/en\/wp-json\/wp\/v2\/comments?post=15853"}],"version-history":[{"count":0,"href":"https:\/\/zimat.com\/en\/wp-json\/wp\/v2\/pages\/15853\/revisions"}],"wp:attachment":[{"href":"https:\/\/zimat.com\/en\/wp-json\/wp\/v2\/media?parent=15853"}],"curies":[{"name":"wp","href":"https:\/\/api.w.org\/{rel}","templated":true}]}}