{"id":15632,"date":"2023-11-13T18:48:06","date_gmt":"2023-11-14T00:48:06","guid":{"rendered":"https:\/\/zimat.com\/?page_id=15632"},"modified":"2024-02-22T12:24:13","modified_gmt":"2024-02-22T18:24:13","slug":"forma-parte-de-nuestro-equipo","status":"publish","type":"page","link":"https:\/\/zimat.com\/en\/contacto\/forma-parte-de-nuestro-equipo\/","title":{"rendered":"Be part of our team"},"content":{"rendered":"<div data-elementor-type=\"wp-page\" data-elementor-id=\"15632\" class=\"elementor elementor-15632\" data-elementor-post-type=\"page\">\n\t\t\t\t\t\t<section class=\"elementor-section elementor-top-section elementor-element elementor-element-9ea10d4 elementor-section-boxed elementor-section-height-default elementor-section-height-default\" data-id=\"9ea10d4\" data-element_type=\"section\" data-e-type=\"section\" data-settings=\"{&quot;background_background&quot;:&quot;classic&quot;}\">\n\t\t\t\t\t\t\t<div class=\"elementor-background-overlay\"><\/div>\n\t\t\t\t\t\t\t<div class=\"elementor-container elementor-column-gap-default\">\n\t\t\t\t\t<div class=\"elementor-column elementor-col-100 elementor-top-column elementor-element elementor-element-e0aaa25\" data-id=\"e0aaa25\" data-element_type=\"column\" data-e-type=\"column\">\n\t\t\t<div class=\"elementor-widget-wrap elementor-element-populated\">\n\t\t\t\t\t\t<section class=\"elementor-section elementor-inner-section elementor-element elementor-element-183cdf7 elementor-section-boxed elementor-section-height-default elementor-section-height-default\" data-id=\"183cdf7\" data-element_type=\"section\" data-e-type=\"section\">\n\t\t\t\t\t\t<div class=\"elementor-container elementor-column-gap-default\">\n\t\t\t\t\t<div class=\"elementor-column elementor-col-100 elementor-inner-column elementor-element elementor-element-00bfd87\" data-id=\"00bfd87\" data-element_type=\"column\" data-e-type=\"column\">\n\t\t\t<div class=\"elementor-widget-wrap elementor-element-populated\">\n\t\t\t\t\t\t<div class=\"elementor-element elementor-element-9b8e331 elementor-widget elementor-widget-heading\" data-id=\"9b8e331\" data-element_type=\"widget\" data-e-type=\"widget\" data-widget_type=\"heading.default\">\n\t\t\t\t<div class=\"elementor-widget-container\">\n\t\t\t\t\t<h1 class=\"elementor-heading-title elementor-size-default\">Be part of our team<\/h1>\t\t\t\t<\/div>\n\t\t\t\t<\/div>\n\t\t\t\t\t<\/div>\n\t\t<\/div>\n\t\t\t\t\t<\/div>\n\t\t<\/section>\n\t\t\t\t\t<\/div>\n\t\t<\/div>\n\t\t\t\t\t<\/div>\n\t\t<\/section>\n\t\t\t\t<section class=\"elementor-section elementor-top-section elementor-element elementor-element-5c3ffeed elementor-section-boxed elementor-section-height-default elementor-section-height-default\" data-id=\"5c3ffeed\" data-element_type=\"section\" data-e-type=\"section\">\n\t\t\t\t\t\t<div class=\"elementor-container elementor-column-gap-default\">\n\t\t\t\t\t<div class=\"elementor-column elementor-col-50 elementor-top-column elementor-element elementor-element-b2be339\" data-id=\"b2be339\" data-element_type=\"column\" data-e-type=\"column\">\n\t\t\t<div class=\"elementor-widget-wrap elementor-element-populated\">\n\t\t\t\t\t\t<section class=\"elementor-section elementor-inner-section elementor-element elementor-element-1c53ba6 elementor-section-boxed elementor-section-height-default elementor-section-height-default\" data-id=\"1c53ba6\" data-element_type=\"section\" data-e-type=\"section\">\n\t\t\t\t\t\t<div class=\"elementor-container elementor-column-gap-default\">\n\t\t\t\t\t<div class=\"elementor-column elementor-col-100 elementor-inner-column elementor-element elementor-element-df21098\" data-id=\"df21098\" data-element_type=\"column\" data-e-type=\"column\" data-settings=\"{&quot;background_background&quot;:&quot;classic&quot;}\">\n\t\t\t<div class=\"elementor-widget-wrap elementor-element-populated\">\n\t\t\t\t\t\t<div class=\"elementor-element elementor-element-67c992a elementor-widget elementor-widget-heading\" data-id=\"67c992a\" data-element_type=\"widget\" data-e-type=\"widget\" data-widget_type=\"heading.default\">\n\t\t\t\t<div class=\"elementor-widget-container\">\n\t\t\t\t\t<h4 class=\"elementor-heading-title elementor-size-default\">WE WANT TO KNOW MORE ABOUT YOU<\/h4>\t\t\t\t<\/div>\n\t\t\t\t<\/div>\n\t\t\t\t<div class=\"elementor-element elementor-element-5a7a7cb elementor-widget elementor-widget-text-editor\" data-id=\"5a7a7cb\" data-element_type=\"widget\" data-e-type=\"widget\" data-widget_type=\"text-editor.default\">\n\t\t\t\t<div class=\"elementor-widget-container\">\n\t\t\t\t\t\t\t\t\t<p>Send us your updated CV so that our team can get to know you.<\/p>\t\t\t\t\t\t\t\t<\/div>\n\t\t\t\t<\/div>\n\t\t\t\t<div class=\"elementor-element elementor-element-ab8e509 elementor-widget elementor-widget-shortcode\" data-id=\"ab8e509\" data-element_type=\"widget\" data-e-type=\"widget\" data-widget_type=\"shortcode.default\">\n\t\t\t\t<div class=\"elementor-widget-container\">\n\t\t\t\t\t\t\t<div class=\"elementor-shortcode\">\n<div class=\"wpcf7 no-js\" id=\"wpcf7-f15635-o1\" lang=\"es-MX\" dir=\"ltr\" data-wpcf7-id=\"15635\">\n<div class=\"screen-reader-response\"><p role=\"status\" aria-live=\"polite\" aria-atomic=\"true\"><\/p> <ul><\/ul><\/div>\n<form action=\"\/en\/wp-json\/wp\/v2\/pages\/15632#wpcf7-f15635-o1\" method=\"post\" class=\"wpcf7-form init\" aria-label=\"Formulario de contacto\" enctype=\"multipart\/form-data\" novalidate=\"novalidate\" data-status=\"init\" data-trp-original-action=\"\/en\/wp-json\/wp\/v2\/pages\/15632#wpcf7-f15635-o1\">\n<fieldset class=\"hidden-fields-container\"><input type=\"hidden\" name=\"_wpcf7\" value=\"15635\" \/><input type=\"hidden\" name=\"_wpcf7_version\" value=\"6.1.5\" \/><input type=\"hidden\" name=\"_wpcf7_locale\" value=\"es_MX\" \/><input type=\"hidden\" name=\"_wpcf7_unit_tag\" value=\"wpcf7-f15635-o1\" \/><input type=\"hidden\" name=\"_wpcf7_container_post\" value=\"0\" \/><input type=\"hidden\" name=\"_wpcf7_posted_data_hash\" value=\"\" \/><input type=\"hidden\" name=\"_wpcf7_recaptcha_response\" value=\"\" \/>\n<\/fieldset>\n<div class=\"contact_us_two_frm\">\n\t<div class=\"row\">\n\t\t<div class=\"col-lg-6 col-md-6 col-xs-12 no-padding\">\n\t\t\t<div class=\"form-row\">\n\t\t\t\t<p><span class=\"wpcf7-form-control-wrap\" data-name=\"text-160\"><input size=\"40\" maxlength=\"400\" class=\"wpcf7-form-control wpcf7-text wpcf7-validates-as-required\" aria-required=\"true\" aria-invalid=\"false\" placeholder=\"Name\" value=\"\" type=\"text\" name=\"text-160\" \/><\/span>\n\t\t\t\t<\/p>\n\t\t\t<\/div>\n\t\t<\/div>\n\t\t<div class=\"col-lg-6 col-md-6 col-xs-12 no-padding\">\n\t\t\t<div class=\"form-row\">\n\t\t\t\t<p><span class=\"wpcf7-form-control-wrap\" data-name=\"email-470\"><input size=\"40\" maxlength=\"400\" class=\"wpcf7-form-control wpcf7-email wpcf7-validates-as-required wpcf7-text wpcf7-validates-as-email\" aria-required=\"true\" aria-invalid=\"false\" placeholder=\"Email\" value=\"\" type=\"email\" name=\"email-470\" \/><\/span>\n\t\t\t\t<\/p>\n\t\t\t<\/div>\n\t\t<\/div>\n\t\t<div class=\"col-lg-6 col-md-6 col-xs-12 no-padding\">\n\t\t\t<div class=\"form-row\">\n\t\t\t\t<p><span class=\"wpcf7-form-control-wrap\" data-name=\"text-161\"><input size=\"40\" maxlength=\"400\" class=\"wpcf7-form-control wpcf7-text wpcf7-validates-as-required\" aria-required=\"true\" aria-invalid=\"false\" placeholder=\"Phone number\" value=\"\" type=\"text\" name=\"text-161\" \/><\/span>\n\t\t\t\t<\/p>\n\t\t\t<\/div>\n\t\t<\/div>\n\t\t<div class=\"col-lg-6 col-md-6 col-xs-12 no-padding\">\n\t\t\t<div class=\"form-row\">\n\t\t\t\t<p><span class=\"wpcf7-form-control-wrap\" data-name=\"file-922\"><input size=\"40\" class=\"wpcf7-form-control wpcf7-file wpcf7-validates-as-required\" accept=\".pdf\" aria-required=\"true\" aria-invalid=\"false\" type=\"file\" name=\"file-922\" \/><\/span>\n\t\t\t\t<\/p>\n\t\t\t<\/div>\n\t\t<\/div>\n\t\t<div class=\"col-lg-12 col-md-12 col-xs-12 no-padding\">\n\t\t\t<div class=\"form-row\">\n\t\t\t\t<p><span class=\"wpcf7-form-control-wrap\" data-name=\"textarea-739\"><textarea cols=\"40\" rows=\"10\" maxlength=\"2000\" class=\"wpcf7-form-control wpcf7-textarea wpcf7-validates-as-required\" aria-required=\"true\" aria-invalid=\"false\" placeholder=\"Message\" name=\"textarea-739\"><\/textarea><\/span>\n\t\t\t\t<\/p>\n\t\t\t<\/div>\n\t\t<\/div>\n\t\t<div class=\"col-lg-12 col-md-12 col-xs-12 no-padding\">\n\t\t\t<div class=\"form-row submit-btn\">\n\t\t\t\t<p><span class=\"placeholder\"><input class=\"wpcf7-form-control wpcf7-submit has-spinner\" type=\"submit\" value=\"Send\" \/><\/span>\n\t\t\t\t<\/p>\n\t\t\t<\/div>\n\t\t<\/div>\n\t<\/div>\n<\/div><div class=\"wpcf7-response-output\" aria-hidden=\"true\"><\/div>\n<input type=\"hidden\" name=\"trp-form-language\" value=\"en\"\/><\/form>\n<\/div>\n<\/div>\n\t\t\t\t\t\t<\/div>\n\t\t\t\t<\/div>\n\t\t\t\t\t<\/div>\n\t\t<\/div>\n\t\t\t\t\t<\/div>\n\t\t<\/section>\n\t\t\t\t<div class=\"elementor-element elementor-element-f663d23 elementor-widget elementor-widget-text-editor\" data-id=\"f663d23\" data-element_type=\"widget\" data-e-type=\"widget\" data-widget_type=\"text-editor.default\">\n\t\t\t\t<div class=\"elementor-widget-container\">\n\t\t\t\t\t\t\t\t\t<p><a href=\"https:\/\/zimat.com\/en\/aviso-de-privacidad-candidatos\/\" target=\"_blank\" rel=\"noopener\">View our privacy notice<\/a><\/p>\t\t\t\t\t\t\t\t<\/div>\n\t\t\t\t<\/div>\n\t\t\t\t\t<\/div>\n\t\t<\/div>\n\t\t\t\t<div class=\"elementor-column elementor-col-50 elementor-top-column elementor-element elementor-element-65be172b\" data-id=\"65be172b\" data-element_type=\"column\" data-e-type=\"column\">\n\t\t\t<div class=\"elementor-widget-wrap elementor-element-populated\">\n\t\t\t\t\t\t<section class=\"elementor-section elementor-inner-section elementor-element elementor-element-3fb1543b elementor-section-boxed elementor-section-height-default elementor-section-height-default\" data-id=\"3fb1543b\" data-element_type=\"section\" data-e-type=\"section\">\n\t\t\t\t\t\t<div class=\"elementor-container elementor-column-gap-default\">\n\t\t\t\t\t<div class=\"elementor-column elementor-col-100 elementor-inner-column elementor-element elementor-element-3e4e290 elementor-hidden-desktop elementor-hidden-tablet elementor-hidden-mobile\" data-id=\"3e4e290\" data-element_type=\"column\" data-e-type=\"column\" data-settings=\"{&quot;background_background&quot;:&quot;classic&quot;}\">\n\t\t\t<div class=\"elementor-widget-wrap elementor-element-populated\">\n\t\t\t\t\t\t<div class=\"elementor-element elementor-element-5cb7910 elementor-widget elementor-widget-heading\" data-id=\"5cb7910\" data-element_type=\"widget\" data-e-type=\"widget\" data-widget_type=\"heading.default\">\n\t\t\t\t<div class=\"elementor-widget-container\">\n\t\t\t\t\t<h4 class=\"elementor-heading-title elementor-size-default\">Be part of our team<\/h4>\t\t\t\t<\/div>\n\t\t\t\t<\/div>\n\t\t\t\t<div class=\"elementor-element elementor-element-41b282a elementor-widget elementor-widget-text-editor\" data-id=\"41b282a\" data-element_type=\"widget\" data-e-type=\"widget\" data-widget_type=\"text-editor.default\">\n\t\t\t\t<div class=\"elementor-widget-container\">\n\t\t\t\t\t\t\t\t\t<p>Env\u00edanos tu CV \u00a1Queremos conocerte!<\/p>\t\t\t\t\t\t\t\t<\/div>\n\t\t\t\t<\/div>\n\t\t\t\t\t<\/div>\n\t\t<\/div>\n\t\t\t\t\t<\/div>\n\t\t<\/section>\n\t\t\t\t\t<\/div>\n\t\t<\/div>\n\t\t\t\t\t<\/div>\n\t\t<\/section>\n\t\t\t\t<\/div>","protected":false},"excerpt":{"rendered":"<p>Forma parte de nuestro equipo queremos saber m\u00e1s sobre ti Env\u00edanos tu CV actualizado para que nuestro equipo te conozca. Consulta nuestro aviso de privacidad Trabaja con nosotros Env\u00edanos tu CV \u00a1Queremos conocerte!<\/p>","protected":false},"author":2,"featured_media":0,"parent":15439,"menu_order":0,"comment_status":"closed","ping_status":"closed","template":"elementor_header_footer","meta":{"_acf_changed":false,"footnotes":""},"class_list":["post-15632","page","type-page","status-publish","hentry"],"acf":[],"yoast_head":"<!-- This site is optimized with the Yoast SEO plugin v27.2 - https:\/\/yoast.com\/product\/yoast-seo-wordpress\/ -->\n<title>Forma parte de nuestro equipo - Zimat<\/title>\n<meta name=\"robots\" content=\"index, follow, max-snippet:-1, max-image-preview:large, max-video-preview:-1\" \/>\n<link rel=\"canonical\" href=\"https:\/\/zimat.com\/en\/contacto\/forma-parte-de-nuestro-equipo\/\" \/>\n<meta property=\"og:locale\" content=\"en_US\" \/>\n<meta property=\"og:type\" content=\"article\" \/>\n<meta property=\"og:title\" content=\"Forma parte de nuestro equipo - Zimat\" \/>\n<meta property=\"og:description\" content=\"Forma parte de nuestro equipo queremos saber m\u00e1s sobre ti Env\u00edanos tu CV actualizado para que nuestro equipo te conozca. Consulta nuestro aviso de privacidad Trabaja con nosotros Env\u00edanos tu CV \u00a1Queremos conocerte!\" \/>\n<meta property=\"og:url\" content=\"https:\/\/zimat.com\/en\/contacto\/forma-parte-de-nuestro-equipo\/\" \/>\n<meta property=\"og:site_name\" content=\"Zimat\" \/>\n<meta property=\"article:publisher\" content=\"https:\/\/www.facebook.com\/ZIMATConsultores\" \/>\n<meta property=\"article:modified_time\" content=\"2024-02-22T18:24:13+00:00\" \/>\n<meta name=\"twitter:card\" content=\"summary_large_image\" \/>\n<meta name=\"twitter:site\" content=\"@ZimatC\" \/>\n<meta name=\"twitter:label1\" content=\"Est. reading time\" \/>\n\t<meta name=\"twitter:data1\" content=\"1 minute\" \/>\n<script type=\"application\/ld+json\" class=\"yoast-schema-graph\">{\"@context\":\"https:\/\/schema.org\",\"@graph\":[{\"@type\":\"WebPage\",\"@id\":\"https:\/\/zimat.com\/contacto\/forma-parte-de-nuestro-equipo\/\",\"url\":\"https:\/\/zimat.com\/contacto\/forma-parte-de-nuestro-equipo\/\",\"name\":\"Forma parte de nuestro equipo - Zimat\",\"isPartOf\":{\"@id\":\"https:\/\/zimat.com\/#website\"},\"datePublished\":\"2023-11-14T00:48:06+00:00\",\"dateModified\":\"2024-02-22T18:24:13+00:00\",\"breadcrumb\":{\"@id\":\"https:\/\/zimat.com\/contacto\/forma-parte-de-nuestro-equipo\/#breadcrumb\"},\"inLanguage\":\"en-US\",\"potentialAction\":[{\"@type\":\"ReadAction\",\"target\":[\"https:\/\/zimat.com\/contacto\/forma-parte-de-nuestro-equipo\/\"]}]},{\"@type\":\"BreadcrumbList\",\"@id\":\"https:\/\/zimat.com\/contacto\/forma-parte-de-nuestro-equipo\/#breadcrumb\",\"itemListElement\":[{\"@type\":\"ListItem\",\"position\":1,\"name\":\"Inicio\",\"item\":\"https:\/\/zimat.com\/\"},{\"@type\":\"ListItem\",\"position\":2,\"name\":\"Contacto\",\"item\":\"https:\/\/zimat.com\/contacto\/\"},{\"@type\":\"ListItem\",\"position\":3,\"name\":\"Forma parte de nuestro equipo\"}]},{\"@type\":\"WebSite\",\"@id\":\"https:\/\/zimat.com\/#website\",\"url\":\"https:\/\/zimat.com\/\",\"name\":\"Zimat\",\"description\":\"La firma l\u00edder de consultor\u00eda en comunicaci\u00f3n de M\u00e9xico\",\"publisher\":{\"@id\":\"https:\/\/zimat.com\/#organization\"},\"potentialAction\":[{\"@type\":\"SearchAction\",\"target\":{\"@type\":\"EntryPoint\",\"urlTemplate\":\"https:\/\/zimat.com\/?s={search_term_string}\"},\"query-input\":{\"@type\":\"PropertyValueSpecification\",\"valueRequired\":true,\"valueName\":\"search_term_string\"}}],\"inLanguage\":\"en-US\"},{\"@type\":\"Organization\",\"@id\":\"https:\/\/zimat.com\/#organization\",\"name\":\"Zimat\",\"url\":\"https:\/\/zimat.com\/\",\"logo\":{\"@type\":\"ImageObject\",\"inLanguage\":\"en-US\",\"@id\":\"https:\/\/zimat.com\/#\/schema\/logo\/image\/\",\"url\":\"https:\/\/zimat.com\/wp-content\/uploads\/2022\/03\/Logo-azul.png\",\"contentUrl\":\"https:\/\/zimat.com\/wp-content\/uploads\/2022\/03\/Logo-azul.png\",\"width\":1024,\"height\":243,\"caption\":\"Zimat\"},\"image\":{\"@id\":\"https:\/\/zimat.com\/#\/schema\/logo\/image\/\"},\"sameAs\":[\"https:\/\/www.facebook.com\/ZIMATConsultores\",\"https:\/\/x.com\/ZimatC\"]}]}<\/script>\n<!-- \/ Yoast SEO plugin. -->","yoast_head_json":{"title":"Forma parte de nuestro equipo - Zimat","robots":{"index":"index","follow":"follow","max-snippet":"max-snippet:-1","max-image-preview":"max-image-preview:large","max-video-preview":"max-video-preview:-1"},"canonical":"https:\/\/zimat.com\/en\/contacto\/forma-parte-de-nuestro-equipo\/","og_locale":"en_US","og_type":"article","og_title":"Forma parte de nuestro equipo - Zimat","og_description":"Forma parte de nuestro equipo queremos saber m\u00e1s sobre ti Env\u00edanos tu CV actualizado para que nuestro equipo te conozca. Consulta nuestro aviso de privacidad Trabaja con nosotros Env\u00edanos tu CV \u00a1Queremos conocerte!","og_url":"https:\/\/zimat.com\/en\/contacto\/forma-parte-de-nuestro-equipo\/","og_site_name":"Zimat","article_publisher":"https:\/\/www.facebook.com\/ZIMATConsultores","article_modified_time":"2024-02-22T18:24:13+00:00","twitter_card":"summary_large_image","twitter_site":"@ZimatC","twitter_misc":{"Est. reading time":"1 minute"},"schema":{"@context":"https:\/\/schema.org","@graph":[{"@type":"WebPage","@id":"https:\/\/zimat.com\/contacto\/forma-parte-de-nuestro-equipo\/","url":"https:\/\/zimat.com\/contacto\/forma-parte-de-nuestro-equipo\/","name":"Forma parte de nuestro equipo - Zimat","isPartOf":{"@id":"https:\/\/zimat.com\/#website"},"datePublished":"2023-11-14T00:48:06+00:00","dateModified":"2024-02-22T18:24:13+00:00","breadcrumb":{"@id":"https:\/\/zimat.com\/contacto\/forma-parte-de-nuestro-equipo\/#breadcrumb"},"inLanguage":"en-US","potentialAction":[{"@type":"ReadAction","target":["https:\/\/zimat.com\/contacto\/forma-parte-de-nuestro-equipo\/"]}]},{"@type":"BreadcrumbList","@id":"https:\/\/zimat.com\/contacto\/forma-parte-de-nuestro-equipo\/#breadcrumb","itemListElement":[{"@type":"ListItem","position":1,"name":"Inicio","item":"https:\/\/zimat.com\/"},{"@type":"ListItem","position":2,"name":"Contacto","item":"https:\/\/zimat.com\/contacto\/"},{"@type":"ListItem","position":3,"name":"Forma parte de nuestro equipo"}]},{"@type":"WebSite","@id":"https:\/\/zimat.com\/#website","url":"https:\/\/zimat.com\/","name":"Zimat","description":"La firma l\u00edder de consultor\u00eda en comunicaci\u00f3n de M\u00e9xico","publisher":{"@id":"https:\/\/zimat.com\/#organization"},"potentialAction":[{"@type":"SearchAction","target":{"@type":"EntryPoint","urlTemplate":"https:\/\/zimat.com\/?s={search_term_string}"},"query-input":{"@type":"PropertyValueSpecification","valueRequired":true,"valueName":"search_term_string"}}],"inLanguage":"en-US"},{"@type":"Organization","@id":"https:\/\/zimat.com\/#organization","name":"Zimat","url":"https:\/\/zimat.com\/","logo":{"@type":"ImageObject","inLanguage":"en-US","@id":"https:\/\/zimat.com\/#\/schema\/logo\/image\/","url":"https:\/\/zimat.com\/wp-content\/uploads\/2022\/03\/Logo-azul.png","contentUrl":"https:\/\/zimat.com\/wp-content\/uploads\/2022\/03\/Logo-azul.png","width":1024,"height":243,"caption":"Zimat"},"image":{"@id":"https:\/\/zimat.com\/#\/schema\/logo\/image\/"},"sameAs":["https:\/\/www.facebook.com\/ZIMATConsultores","https:\/\/x.com\/ZimatC"]}]}},"_links":{"self":[{"href":"https:\/\/zimat.com\/en\/wp-json\/wp\/v2\/pages\/15632","targetHints":{"allow":["GET"]}}],"collection":[{"href":"https:\/\/zimat.com\/en\/wp-json\/wp\/v2\/pages"}],"about":[{"href":"https:\/\/zimat.com\/en\/wp-json\/wp\/v2\/types\/page"}],"author":[{"embeddable":true,"href":"https:\/\/zimat.com\/en\/wp-json\/wp\/v2\/users\/2"}],"replies":[{"embeddable":true,"href":"https:\/\/zimat.com\/en\/wp-json\/wp\/v2\/comments?post=15632"}],"version-history":[{"count":3,"href":"https:\/\/zimat.com\/en\/wp-json\/wp\/v2\/pages\/15632\/revisions"}],"predecessor-version":[{"id":16142,"href":"https:\/\/zimat.com\/en\/wp-json\/wp\/v2\/pages\/15632\/revisions\/16142"}],"up":[{"embeddable":true,"href":"https:\/\/zimat.com\/en\/wp-json\/wp\/v2\/pages\/15439"}],"wp:attachment":[{"href":"https:\/\/zimat.com\/en\/wp-json\/wp\/v2\/media?parent=15632"}],"curies":[{"name":"wp","href":"https:\/\/api.w.org\/{rel}","templated":true}]}}